{"id":7,"date":"2025-09-16T16:11:40","date_gmt":"2025-09-16T16:11:40","guid":{"rendered":"https:\/\/roosa50.jokemoni.com\/?page_id=7"},"modified":"2025-09-16T19:19:13","modified_gmt":"2025-09-16T19:19:13","slug":"home","status":"publish","type":"page","link":"https:\/\/roosa50.jokemoni.com\/","title":{"rendered":"Home"},"content":{"rendered":"\t\t<div data-elementor-type=\"wp-post\" data-elementor-id=\"7\" class=\"elementor elementor-7\">\n\t\t\t\t<div class=\"elementor-element elementor-element-fc7da9f e-flex e-con-boxed e-con e-parent\" data-id=\"fc7da9f\" data-element_type=\"container\" data-settings=\"{&quot;background_background&quot;:&quot;classic&quot;,&quot;shape_divider_bottom&quot;:&quot;mountains&quot;}\">\n\t\t\t\t\t<div class=\"e-con-inner\">\n\t\t\t\t<div class=\"elementor-shape elementor-shape-bottom\" aria-hidden=\"true\" data-negative=\"false\">\n\t\t\t<svg xmlns=\"http:\/\/www.w3.org\/2000\/svg\" viewBox=\"0 0 1000 100\" preserveAspectRatio=\"none\">\n\t<path class=\"elementor-shape-fill\" opacity=\"0.33\" d=\"M473,67.3c-203.9,88.3-263.1-34-320.3,0C66,119.1,0,59.7,0,59.7V0h1000v59.7 c0,0-62.1,26.1-94.9,29.3c-32.8,3.3-62.8-12.3-75.8-22.1C806,49.6,745.3,8.7,694.9,4.7S492.4,59,473,67.3z\"\/>\n\t<path class=\"elementor-shape-fill\" opacity=\"0.66\" d=\"M734,67.3c-45.5,0-77.2-23.2-129.1-39.1c-28.6-8.7-150.3-10.1-254,39.1 s-91.7-34.4-149.2,0C115.7,118.3,0,39.8,0,39.8V0h1000v36.5c0,0-28.2-18.5-92.1-18.5C810.2,18.1,775.7,67.3,734,67.3z\"\/>\n\t<path class=\"elementor-shape-fill\" d=\"M766.1,28.9c-200-57.5-266,65.5-395.1,19.5C242,1.8,242,5.4,184.8,20.6C128,35.8,132.3,44.9,89.9,52.5C28.6,63.7,0,0,0,0 h1000c0,0-9.9,40.9-83.6,48.1S829.6,47,766.1,28.9z\"\/>\n<\/svg>\t\t<\/div>\n\t\t\t\t<div class=\"elementor-element elementor-element-78467f6 elementor-widget elementor-widget-image\" data-id=\"78467f6\" data-element_type=\"widget\" data-widget_type=\"image.default\">\n\t\t\t\t\t\t\t\t\t\t\t\t\t\t\t<img fetchpriority=\"high\" decoding=\"async\" width=\"1200\" height=\"800\" src=\"https:\/\/roosa50.jokemoni.com\/wp-content\/uploads\/2025\/09\/Roosa-50v-1.jpg\" class=\"attachment-full size-full wp-image-41\" alt=\"\" srcset=\"https:\/\/roosa50.jokemoni.com\/wp-content\/uploads\/2025\/09\/Roosa-50v-1.jpg 1200w, https:\/\/roosa50.jokemoni.com\/wp-content\/uploads\/2025\/09\/Roosa-50v-1-300x200.jpg 300w, https:\/\/roosa50.jokemoni.com\/wp-content\/uploads\/2025\/09\/Roosa-50v-1-1024x683.jpg 1024w, https:\/\/roosa50.jokemoni.com\/wp-content\/uploads\/2025\/09\/Roosa-50v-1-768x512.jpg 768w\" sizes=\"(max-width: 1200px) 100vw, 1200px\" \/>\t\t\t\t\t\t\t\t\t\t\t\t\t\t\t<\/div>\n\t\t\t\t\t<\/div>\n\t\t\t\t<\/div>\n\t\t<div class=\"elementor-element elementor-element-a1dd0bd e-flex e-con-boxed e-con e-parent\" data-id=\"a1dd0bd\" data-element_type=\"container\" data-settings=\"{&quot;background_background&quot;:&quot;classic&quot;}\">\n\t\t\t\t\t<div class=\"e-con-inner\">\n\t\t<div class=\"elementor-element elementor-element-740d654 e-con-full e-flex e-con e-child\" data-id=\"740d654\" data-element_type=\"container\" data-settings=\"{&quot;background_background&quot;:&quot;classic&quot;}\">\n\t\t\t\t<div class=\"elementor-element elementor-element-9c514a6 elementor-widget elementor-widget-text-editor\" data-id=\"9c514a6\" data-element_type=\"widget\" data-widget_type=\"text-editor.default\">\n\t\t\t\t\t\t\t\t\t<p>Voit halutessasi osallistua Roosan lahjaan Mobilepaylla. Muista lis\u00e4\u00e4 maksaessasi viesti jonka haluat ett\u00e4 tulee korttiin.<\/p>\t\t\t\t\t\t\t\t<\/div>\n\t\t\t\t<\/div>\n\t\t<div class=\"elementor-element elementor-element-fb024e5 e-con-full e-flex e-con e-child\" data-id=\"fb024e5\" data-element_type=\"container\">\n\t\t\t\t<div class=\"elementor-element elementor-element-05e16df elementor-widget elementor-widget-image\" data-id=\"05e16df\" data-element_type=\"widget\" data-widget_type=\"image.default\">\n\t\t\t\t\t\t\t\t\t\t\t\t\t\t\t<img decoding=\"async\" src=\"https:\/\/roosa50.jokemoni.com\/wp-content\/uploads\/elementor\/thumbs\/MobilePay-Logo-Pngsource-SVZ8KJZ1-rbuqdggv953kf2n4a7dqqlhjlzxrr6umcj0h44htwa.jpg\" title=\"MobilePay-Logo-Pngsource-SVZ8KJZ1\" alt=\"MobilePay-Logo-Pngsource-SVZ8KJZ1\" loading=\"lazy\" \/>\t\t\t\t\t\t\t\t\t\t\t\t\t\t\t<\/div>\n\t\t\t\t<div class=\"elementor-element elementor-element-6b4b796 elementor-widget elementor-widget-heading\" data-id=\"6b4b796\" data-element_type=\"widget\" data-widget_type=\"heading.default\">\n\t\t\t\t\t<h2 class=\"elementor-heading-title elementor-size-default\">+358 40 7484946<\/h2>\t\t\t\t<\/div>\n\t\t\t\t<\/div>\n\t\t\t\t\t<\/div>\n\t\t\t\t<\/div>\n\t\t<div class=\"elementor-element elementor-element-c61ee9c e-flex e-con-boxed e-con e-parent\" data-id=\"c61ee9c\" data-element_type=\"container\" data-settings=\"{&quot;background_background&quot;:&quot;classic&quot;}\">\n\t\t\t\t\t<div class=\"e-con-inner\">\n\t\t<div class=\"elementor-element elementor-element-84d0023 e-con-full e-flex e-con e-child\" data-id=\"84d0023\" data-element_type=\"container\">\n\t\t\t\t<div class=\"elementor-element elementor-element-54b12b3 elementor-widget elementor-widget-text-editor\" data-id=\"54b12b3\" data-element_type=\"widget\" data-widget_type=\"text-editor.default\">\n\t\t\t\t\t\t\t\t\t<p>Voit my\u00f6s halutessasi osallistua Roosan lahjaan pankkisiirrolla. Muista l<span style=\"font-size: 1rem;\">is\u00e4\u00e4 maksaessasi viesti jonka haluat ett\u00e4 tulee korttiin.<\/span><\/p>\t\t\t\t\t\t\t\t<\/div>\n\t\t\t\t<\/div>\n\t\t<div class=\"elementor-element elementor-element-999dadb e-con-full e-flex e-con e-child\" data-id=\"999dadb\" data-element_type=\"container\">\n\t\t\t\t<div class=\"elementor-element elementor-element-0cbf0e2 elementor-widget elementor-widget-image\" data-id=\"0cbf0e2\" data-element_type=\"widget\" data-widget_type=\"image.default\">\n\t\t\t\t\t\t\t\t\t\t\t\t\t\t\t<img decoding=\"async\" src=\"https:\/\/roosa50.jokemoni.com\/wp-content\/uploads\/elementor\/thumbs\/op-rbuqddncomzpg8r7qo5v1475tubo43jfc520oam0rg.png\" title=\"op\" alt=\"op\" loading=\"lazy\" \/>\t\t\t\t\t\t\t\t\t\t\t\t\t\t\t<\/div>\n\t\t\t\t<div class=\"elementor-element elementor-element-03e3412 elementor-widget elementor-widget-heading\" data-id=\"03e3412\" data-element_type=\"widget\" data-widget_type=\"heading.default\">\n\t\t\t\t\t<h2 class=\"elementor-heading-title elementor-size-default\">FI21 5437 0420 0167 60<\/h2>\t\t\t\t<\/div>\n\t\t\t\t<\/div>\n\t\t\t\t\t<\/div>\n\t\t\t\t<\/div>\n\t\t\t\t<\/div>\n\t\t","protected":false},"excerpt":{"rendered":"<p>Voit halutessasi osallistua Roosan lahjaan Mobilepaylla. Muista lis\u00e4\u00e4 maksaessasi viesti jonka haluat ett\u00e4 tulee korttiin. +358 40 7484946 Voit my\u00f6s halutessasi osallistua Roosan lahjaan pankkisiirrolla. Muista lis\u00e4\u00e4 maksaessasi viesti jonka haluat ett\u00e4 tulee korttiin. FI21 5437 0420 0167 60<\/p>\n","protected":false},"author":1,"featured_media":0,"parent":0,"menu_order":0,"comment_status":"closed","ping_status":"closed","template":"elementor_canvas","meta":{"footnotes":""},"class_list":["post-7","page","type-page","status-publish","hentry"],"_links":{"self":[{"href":"https:\/\/roosa50.jokemoni.com\/index.php\/wp-json\/wp\/v2\/pages\/7","targetHints":{"allow":["GET"]}}],"collection":[{"href":"https:\/\/roosa50.jokemoni.com\/index.php\/wp-json\/wp\/v2\/pages"}],"about":[{"href":"https:\/\/roosa50.jokemoni.com\/index.php\/wp-json\/wp\/v2\/types\/page"}],"author":[{"embeddable":true,"href":"https:\/\/roosa50.jokemoni.com\/index.php\/wp-json\/wp\/v2\/users\/1"}],"replies":[{"embeddable":true,"href":"https:\/\/roosa50.jokemoni.com\/index.php\/wp-json\/wp\/v2\/comments?post=7"}],"version-history":[{"count":28,"href":"https:\/\/roosa50.jokemoni.com\/index.php\/wp-json\/wp\/v2\/pages\/7\/revisions"}],"predecessor-version":[{"id":47,"href":"https:\/\/roosa50.jokemoni.com\/index.php\/wp-json\/wp\/v2\/pages\/7\/revisions\/47"}],"wp:attachment":[{"href":"https:\/\/roosa50.jokemoni.com\/index.php\/wp-json\/wp\/v2\/media?parent=7"}],"curies":[{"name":"wp","href":"https:\/\/api.w.org\/{rel}","templated":true}]}}